{"id":415,"date":"2017-07-06T10:31:45","date_gmt":"2017-07-06T08:31:45","guid":{"rendered":"http:\/\/www.pecciechanow.pl\/bip\/?page_id=415"},"modified":"2026-04-17T13:04:18","modified_gmt":"2026-04-17T11:04:18","slug":"rekrutacja","status":"publish","type":"page","link":"https:\/\/www.pecciechanow.pl\/bip\/informacje-ogolne\/rekrutacja\/","title":{"rendered":"Rekrutacja"},"content":{"rendered":"\n<p><\/p>\n\n\n\n<h1 class=\"wp-block-heading\"><strong>Elektrociep\u0142ownia Ciechan\u00f3w <\/strong><strong>Sp\u00f3\u0142ka z.o.o<\/strong><strong><\/strong><\/h1>\n\n\n\n<p><strong>&nbsp; poszukuje osoby na stanowiska: <\/strong><\/p>\n\n\n\n<p><strong>Operator\/Operatorka system\u00f3w komputerowych IT<\/strong><\/p>\n\n\n\n<p>Opis stanowiska:<\/p>\n\n\n\n<ul class=\"wp-block-list\">\n<li>Utrzymanie i zapewnienie ci\u0105g\u0142o\u015bci dzia\u0142ania system\u00f3w IT ,<\/li>\n\n\n\n<li>Utrzymanie infrastruktury IT: serwer\u00f3w, sieci LAN\/WAN, stacji roboczych oraz urz\u0105dze\u0144 peryferyjnych.<\/li>\n\n\n\n<li>Nadz\u00f3r nad bezpiecze\u0144stwem zarz\u0105dzanych system\u00f3w,<\/li>\n\n\n\n<li>Administracja systemami Windows Server,<\/li>\n\n\n\n<li>Administracja systemem wirtualizacji Vmware Esxi\/Vcenter,, Proxmox<\/li>\n\n\n\n<li>Administracja konsol\u0105 systemu antywirusowego,<\/li>\n\n\n\n<li>Administracja sieciami komputerowymi,<\/li>\n\n\n\n<li>Zarz\u0105dzanie systemem kopii zapasowych,<\/li>\n\n\n\n<li>Zarz\u0105dzanie systemem ERP,<\/li>\n\n\n\n<li>Administracja systemami informatycznymi w zakresie ochrony danych osobowych,<\/li>\n\n\n\n<li>Administracja systemami informatycznymi infrastruktury krytycznej,<\/li>\n\n\n\n<li>Nadz\u00f3r nad bezpiecze\u0144stwem zarz\u0105dzanych system\u00f3w oraz realizacja polityk bezpiecze\u0144stwa zgodnych z UKSC i NIS2.<\/li>\n\n\n\n<li>Prowadzenie dokumentacji technicznej zarz\u0105dzanych system\u00f3w.<\/li>\n\n\n\n<li>Instalacja i konfiguracja oprogramowania.<\/li>\n\n\n\n<li>Obs\u0142uga zg\u0142osze\u0144 u\u017cytkownik\u00f3w.<\/li>\n\n\n\n<li>Zarz\u0105dzanie kontami i uprawnieniami u\u017cytkownik\u00f3w (AD, GPO).<\/li>\n\n\n\n<li>Wsparcie dla system\u00f3w biznesowych i technicznych.<\/li>\n\n\n\n<li>Realizacja polityk bezpiecze\u0144stwa IT zgodnych z UKSC i NIS2.<\/li>\n\n\n\n<li>Utrzymanie i zapewnienie ci\u0105g\u0142o\u015bci dzia\u0142ania system\u00f3w IT.<\/li>\n<\/ul>\n\n\n\n<h1 class=\"wp-block-heading\">Od kandydata\/kandydatki oczekujemy:<\/h1>\n\n\n\n<h1 class=\"wp-block-heading\">&nbsp;<\/h1>\n\n\n\n<ul class=\"wp-block-list\">\n<li>Wykszta\u0142cenie\u00a0 \u015brednie\/wy\u017csze kierunkowe(informatyka, automatyka, teleinformatyka lub pokrewne).<\/li>\n\n\n\n<li>\u00a0Min. 3 lat do\u015bwiadczenia zawodowego na podobnym stanowisku,<\/li>\n\n\n\n<li>\u00a0Bardzo dobra znajomo\u015b\u0107 \u015brodowiska wirtualizacyjnego Vmware\/Vcenter , Proxmox<\/li>\n\n\n\n<li>\u00a0Dobra znajomo\u015b\u0107 rozwi\u0105za\u0144 serwerowych z rodziny Microsoft Windows Server (2019-2025) &#8211; Administracja, kopie zapasowe, zarz\u0105dzanie u\u017cytkownikami, zarz\u0105dzanie us\u0142ugami sieciowymi (DNS, DHCP, NPS, RDS\/Terminal Services,RDP),<\/li>\n\n\n\n<li>Dobra znajomo\u015bci technologii Active Directory i us\u0142ug domenowych. (Zarz\u0105dzanie u\u017cytkownikami i grupami, polityki GPO),<\/li>\n\n\n\n<li>Znajomo\u015b\u0107 zagadnie\u0144 zwi\u0105zanych z ochron\u0105 danych osobowych, oraz zabezpieczeniami infrastruktury krytycznej zgodnych z UKSC i NIS2,<\/li>\n\n\n\n<li>Dobra znajomo\u015b\u0107 centralnie zarz\u0105dzanych rozwi\u0105za\u0144 antywirusowych<\/li>\n\n\n\n<li>Prawo jazdy kat. B.<\/li>\n<\/ul>\n\n\n\n<p>Mile widziane:<\/p>\n\n\n\n<ul class=\"wp-block-list\">\n<li>znajomo\u015b\u0107 system\u00f3w SCADA,<\/li>\n\n\n\n<li>do\u015bwiadczenie z sieciami przemys\u0142owymi i sterownikami PLC,<\/li>\n\n\n\n<li>znajomo\u015b\u0107 narz\u0119dzi monitoringu (np. Zabbix, PRTG, Wazuh),<\/li>\n\n\n\n<li>podstawy wirtualizacji, backup\u00f3w i automatyki przemys\u0142owej.<\/li>\n<\/ul>\n\n\n\n<p>Kompetencje mi\u0119kkie:<\/p>\n\n\n\n<ul class=\"wp-block-list\">\n<li>Umiej\u0119tno\u015b\u0107 pracy zespo\u0142owej i komunikacji z u\u017cytkownikami.<\/li>\n\n\n\n<li>Samodzielno\u015b\u0107, odpowiedzialno\u015b\u0107 i skrupulatno\u015b\u0107.<\/li>\n\n\n\n<li>Gotowo\u015b\u0107 do pracy w \u015brodowisku o podwy\u017cszonych wymaganiach bezpiecze\u0144stwa.<\/li>\n\n\n\n<li>Umiej\u0119tno\u015b\u0107 analitycznego my\u015blenia i szybkiego reagowania na incydenty.<\/li>\n<\/ul>\n\n\n\n<h1 class=\"wp-block-heading\">Oferuje:<\/h1>\n\n\n\n<h1 class=\"wp-block-heading\">\u00b7&nbsp;&nbsp;&nbsp;&nbsp;&nbsp;&nbsp;&nbsp;&nbsp; wynagrodzenie brutto zale\u017cne od kwalifikacji i do\u015bwiadczenia: 6.825\u20139.500 z\u0142.<\/h1>\n\n\n\n<h1 class=\"wp-block-heading\">\u00b7&nbsp;&nbsp;&nbsp;&nbsp;&nbsp;&nbsp;&nbsp;&nbsp; dofinansowanie do zakupu okular\u00f3w korekcyjnych do pracy przy komputerze,<\/h1>\n\n\n\n<ul class=\"wp-block-list\">\n<li>stabilne zatrudnienie w ramach umowy o pracy,<\/li>\n\n\n\n<li>praca jednozmianowa 7.00 -15.00<\/li>\n\n\n\n<li>mo\u017cliwo\u015b\u0107 rozwoju zawodowego, dost\u0119p do szkole\u0144,<\/li>\n\n\n\n<li>system nagradzania adekwatny do posiadanych umiej\u0119tno\u015bci i zaanga\u017cowania,<\/li>\n\n\n\n<li>dofinansowanie do wypoczynku, kolonii, oboz\u00f3w,<\/li>\n\n\n\n<li>\u015bwiadczenia socjalne z ZF\u015aS,<\/li>\n\n\n\n<li>paczki i bony na \u015bwi\u0119ta,<\/li>\n\n\n\n<li>mo\u017cliwo\u015b\u0107 skorzystania z kasy zapomogowo-po\u017cyczkowej oraz zak\u0142adowego funduszu mieszkaniowego,<\/li>\n\n\n\n<li>nagrody jubileuszowe,<\/li>\n\n\n\n<li>niezb\u0119dne narz\u0119dzia do pracy,<\/li>\n\n\n\n<li>prac\u0119 w przyjaznej atmosferze.<\/li>\n<\/ul>\n\n\n\n<p>Zg\u0142oszenia (CV oraz list motywacyjny) prosimy przysy\u0142a\u0107 do dnia 30 kwietnia &nbsp;2026 r. na adres:<\/p>\n\n\n\n<p>Elektrociep\u0142ownia Ciechan\u00f3w Sp\u00f3\u0142ka z o.o., 06-400 Ciechan\u00f3w ul. Tysi\u0105clecia 18<\/p>\n\n\n\n<p>e-mail: <a href=\"mailto:biuro@elektrocieplowniaciechanow.pl\">biuro@elektrocieplowniaciechanow.pl<\/a><\/p>\n\n\n\n<p>Za nades\u0142ane zg\u0142oszenia dzi\u0119kujemy i jednocze\u015bnie informujemy, ze EC Ciechan\u00f3w Spotka z o.o. zastrzega sobie prawo odpowiedzi tylko na wybrane oferty. Prosimy o do\u0142\u0105czenie nast\u0119puj\u0105cej klauzuli: \u201eWyra\u017cam zgod\u0119 na przetwarzanie moich danych osobowych przez EC Ciechan\u00f3w Spotka z o.o. dla potrzeb niezb\u0119dnych do realizacji procesu rekrutacji, zgodnie z przepisami z dn. 24.05.2018r. o ochronie danych osobowych (Dz.U. z 2018, poz. 1000 z p\u00f3\u017an. zm.)\u201d.18r. o ochronie danych osobowych (Dz.U. z 2018, poz. 1000 z p\u00f3\u017an. zm.)\u201d.<\/p>\n\n\n\n<p><\/p>\n\n\n\n<p><\/p>\n\n\n\n<p><\/p>\n\n\n\n<p><\/p>\n\n\n\n<p><strong>Elektrociep\u0142ownia Ciechan\u00f3w Sp.&nbsp; z o.o.<\/strong><\/p>\n\n\n\n<p><strong>poszukuje osoby do prac spawalniczych w Dziale Inwestycji<\/strong><\/p>\n\n\n\n<p><strong>Obowi\u0105zki kandydata\/kandydatki na stanowisko:<\/strong><\/p>\n\n\n\n<ul class=\"wp-block-list\">\n<li>wykonywanie prac spawalniczych, remontowych urz\u0105dze\u0144 i instalacji na terenie Centralnej Ciep\u0142owni;<\/li>\n\n\n\n<li>udzia\u0142 w utrzymaniu urz\u0105dze\u0144 i instalacji do wytwarzania ciep\u0142a, w tym instalacji kogeneracji gazowych oraz kot\u0142\u00f3w biomasowych i na paliwa sta\u0142e w odpowiednim stanie technicznym;<\/li>\n\n\n\n<li>bie\u017c\u0105ce usuwanie usterek urz\u0105dze\u0144 min. kot\u0142owych i przykot\u0142owych;<\/li>\n\n\n\n<li>wykonywanie przegl\u0105d\u00f3w oraz prac konserwacyjnych urz\u0105dze\u0144 i instalacji energetycznych;<\/li>\n\n\n\n<li>wykonywanie prac monta\u017cowych i naprawczych urz\u0105dze\u0144 ciep\u0142owniczych i instalacji sanitarnych;<\/li>\n\n\n\n<li>wsp\u00f3\u0142praca z innymi kom\u00f3rkami organizacyjnymi w zakresie prowadzonych prac<\/li>\n<\/ul>\n\n\n\n<p><strong>Wymagania:<\/strong><\/p>\n\n\n\n<ul class=\"wp-block-list\">\n<li>uprawnienia spawalnicze metoda spawania min. 311, 111, TIG<\/li>\n\n\n\n<li>wykszta\u0142cenie min. zawodowe;<\/li>\n\n\n\n<li>minimalny sta\u017c przy wykonywaniu prac spawalniczych i monterskich 2 lata;<\/li>\n\n\n\n<li>prawo jazdy kat. B<\/li>\n\n\n\n<li>umiej\u0119tno\u015b\u0107 pracy w zespole, dobra organizacja pracy, umiej\u0119tno\u015b\u0107 pracy pod presj\u0105 czasu;<\/li>\n<\/ul>\n\n\n\n<p><strong>Oferujemy:<\/strong><\/p>\n\n\n\n<ul class=\"wp-block-list\">\n<li>stabilne zatrudnienie w ramach umowy o pracy,<\/li>\n\n\n\n<li>praca jednozmianowa 7.00 -15.00<\/li>\n\n\n\n<li>mo\u017cliwo\u015b\u0107 rozwoju zawodowego- dost\u0119p do szkole\u0144,<\/li>\n\n\n\n<li>system nagradzania adekwatny do posiadanych umiej\u0119tno\u015bci i zaanga\u017cowania,<\/li>\n\n\n\n<li>dofinansowanie do wypoczynku, kolonii, oboz\u00f3w,<\/li>\n\n\n\n<li>\u015bwiadczenia socjalne z ZF\u015aS,<\/li>\n\n\n\n<li>paczki i bony na \u015bwi\u0119ta,<\/li>\n\n\n\n<li>mo\u017cliwo\u015b\u0107 skorzystania z kasy zapomogowo-po\u017cyczkowej oraz zak\u0142adowego funduszu mieszkaniowego,<\/li>\n\n\n\n<li>nagrody jubileuszowe,<\/li>\n\n\n\n<li>niezb\u0119dne narz\u0119dzia do pracy,<\/li>\n\n\n\n<li>prac\u0119 w przyjemnej atmosferze.<\/li>\n<\/ul>\n\n\n\n<h1 class=\"wp-block-heading\">\u00b7&nbsp;&nbsp;&nbsp;&nbsp;&nbsp;&nbsp;&nbsp;&nbsp; wynagrodzenie zasadnicze zale\u017cne od kwalifikacji i do\u015bwiadczenia: 5.700\u20136.000 z\u0142 brutto.<\/h1>\n\n\n\n<h1 class=\"wp-block-heading\">\u00b7&nbsp;&nbsp;&nbsp;&nbsp;&nbsp;&nbsp;&nbsp;&nbsp; dodatek sta\u017cowy w wysoko\u015bci od 5% do 20% wynagrodzenia zasadniczego w zale\u017cno\u015bci od udokumentowanego sta\u017cu pracy,<\/h1>\n\n\n\n<h1 class=\"wp-block-heading\">\u00b7&nbsp;&nbsp;&nbsp;&nbsp;&nbsp;&nbsp;&nbsp;&nbsp; premia motywacyjna 5% wynagrodzenia zasadniczego,<\/h1>\n\n\n\n<p>Zg\u0142oszenia (CV oraz list motywacyjny) prosimy przysy\u0142a\u0107 do dnia 17 kwietnia &nbsp;2026 r. na &nbsp;adres:<\/p>\n\n\n\n<p>Elektrociep\u0142ownia Ciechan\u00f3w Sp\u00f3\u0142ka z o.o., 06-400 Ciechan\u00f3w ul. Tysi\u0105clecia 18<\/p>\n\n\n\n<p>e-mail: <a href=\"mailto:biuro@elektrocieplowniaciechanow.pl\">biuro@elektrocieplowniaciechanow.pl<\/a><\/p>\n\n\n\n<p>Za nades\u0142ane zg\u0142oszenia dzi\u0119kujemy i jednocze\u015bnie informujemy, ze EC Ciechan\u00f3w Spotka z o.o. zastrzega sobie prawo odpowiedzi tylko na wybrane oferty. Prosimy o do\u0142\u0105czenie nast\u0119puj\u0105cej klauzuli: \u201eWyra\u017cam zgod\u0119 na przetwarzanie moich danych osobowych przez EC Ciechan\u00f3w Spotka z o.o. dla potrzeb niezb\u0119dnych do realizacji procesu rekrutacji, zgodnie z przepisami z dn. 24.05.2018r. o ochronie danych osobowych (Dz.U. z 2018, poz. 1000 z p\u00f3\u017an. zm.)\u201d.<\/p>\n\n\n\n<p><\/p>\n\n\n\n<p><\/p>\n\n\n\n<p><\/p>\n\n\n\n<p><strong>Operator\/operatorka urz\u0105dze\u0144 energetycznych<\/strong><\/p>\n\n\n\n<p>Opis stanowiska:<\/p>\n\n\n\n<ul class=\"wp-block-list\">\n<li>Obs\u0142uga kot\u0142\u00f3w wodnych , parowych &nbsp;turbiny parowej, kogeneracji gazowych&nbsp; oraz instalacji pomocniczych<\/li>\n\n\n\n<li>Dostosowanie parametr\u00f3w pracy urz\u0105dze\u0144 do zg\u0142aszanego zapotrzebowania na energi\u0119,<\/li>\n\n\n\n<li>Usuwanie usterek w zakresie swoich kompetencji w przypadku braku mo\u017cliwo\u015bci usuni\u0119cia usterki zg\u0142aszanie ich do prze\u0142o\u017conego,<\/li>\n<\/ul>\n\n\n\n<h1 class=\"wp-block-heading\">Od kandydata\/kandydatki oczekujemy:<\/h1>\n\n\n\n<ul class=\"wp-block-list\">\n<li>Wykszta\u0142cenie min. \u015brednie techniczne (o profilu energetycznym, elektrycznym,<\/li>\n<\/ul>\n\n\n\n<p>mechanicznym),<\/p>\n\n\n\n<ul class=\"wp-block-list\">\n<li>Zdolno\u015b\u0107 do nauki i przyswajania wiedzy technicznej, znajomo\u015b\u0107 technicznych aspekt\u00f3w<\/li>\n<\/ul>\n\n\n\n<p>energetyki cieplnej,<\/p>\n\n\n\n<ul class=\"wp-block-list\">\n<li>Samodzielno\u015b\u0107 w dzia\u0142aniu, zdolno\u015b\u0107 podejmowania decyzji, dobra organizacja pracy,<\/li>\n<\/ul>\n\n\n\n<p>dyspozycyjno\u015b\u0107.<\/p>\n\n\n\n<h1 class=\"wp-block-heading\">Mile widziane<\/h1>\n\n\n\n<ul class=\"wp-block-list\">\n<li>Do\u015bwiadczenie w pracy przy obs\u0142udze urz\u0105dze\u0144 do wytwarzania energii elektrycznej i<\/li>\n<\/ul>\n\n\n\n<p>&nbsp;&nbsp;&nbsp;&nbsp;&nbsp;&nbsp;&nbsp;&nbsp;&nbsp;&nbsp; cieplnej,<\/p>\n\n\n\n<ul class=\"wp-block-list\">\n<li>Posiadanie kwalifikacji do eksploatacji urz\u0105dze\u0144 energetycznych grupa 2,<\/li>\n\n\n\n<li>Znajomo\u015b\u0107 obs\u0142ugi komputera i program\u00f3w komputerowych pakietu Office&nbsp; w zakresie&nbsp;<\/li>\n<\/ul>\n\n\n\n<p>&nbsp;&nbsp;&nbsp;&nbsp;&nbsp;&nbsp;&nbsp;&nbsp;&nbsp;&nbsp;&nbsp; Podstawowym.<\/p>\n\n\n\n<h1 class=\"wp-block-heading\">Oferujemy:<\/h1>\n\n\n\n<h1 class=\"wp-block-heading\">\u2022&nbsp;&nbsp;&nbsp;&nbsp;&nbsp;&nbsp; wynagrodzenie brutto zale\u017cne od kwalifikacji i do\u015bwiadczenia: 6.000\u20138.500 z\u0142.<\/h1>\n\n\n\n<h1 class=\"wp-block-heading\">\u2022&nbsp;&nbsp;&nbsp;&nbsp;&nbsp;&nbsp; dofinansowanie do zakupu okular\u00f3w korekcyjnych do pracy przy komputerze,<\/h1>\n\n\n\n<ul class=\"wp-block-list\">\n<li>stabilne zatrudnienie w ramach umowy o pracy,<\/li>\n\n\n\n<li>praca trzyzmianowa w ruchu ci\u0105g\u0142ym<\/li>\n\n\n\n<li>mo\u017cliwo\u015b\u0107 rozwoju zawodowego, dost\u0119p do szkole\u0144,<\/li>\n\n\n\n<li>system nagradzania adekwatny do posiadanych umiej\u0119tno\u015bci i zaanga\u017cowania,<\/li>\n\n\n\n<li>dofinansowanie do wypoczynku, kolonii, oboz\u00f3w,<\/li>\n\n\n\n<li>\u015bwiadczenia socjalne z ZF\u015aS,<\/li>\n\n\n\n<li>paczki i bony na \u015bwi\u0119ta,\n<ul class=\"wp-block-list\">\n<li>mo\u017cliwo\u015b\u0107 skorzystania z kasy zapomogowo-po\u017cyczkowej oraz zak\u0142adowego funduszu&nbsp;&nbsp; mieszkaniowego,<\/li>\n<\/ul>\n<\/li>\n\n\n\n<li>nagrody jubileuszowe,<\/li>\n\n\n\n<li>niezb\u0119dne narz\u0119dzia do pracy,<\/li>\n\n\n\n<li>prac\u0119 w przyjaznej atmosferze.<\/li>\n<\/ul>\n\n\n\n<h1 class=\"wp-block-heading\">&nbsp;<\/h1>\n\n\n\n<p>Zg\u0142oszenia (CV oraz list motywacyjny) prosimy przysy\u0142a\u0107 do dnia 24 kwietnia 2026 r. na adres:<\/p>\n\n\n\n<p>Elektrociep\u0142ownia Ciechan\u00f3w<\/p>\n\n\n\n<p>Sp\u00f3\u0142ka z o.o., 06-400 Ciechan\u00f3w ul. Tysi\u0105clecia 18<\/p>\n\n\n\n<p><strong>e-mail<\/strong>: <a href=\"mailto:biuro@elektrocieplowniaciechanow.pl\">biuro@elektrocieplowniaciechanow.pl<\/a><\/p>\n\n\n\n<p>Za nades\u0142ane zg\u0142oszenia dzi\u0119kujemy i jednocze\u015bnie informujemy, \u017ce Elektrociep\u0142ownia Ciechan\u00f3w Spotka z o.o. zastrzega sobie prawo odpowiedzi tylko na wybrane oferty. Prosimy o do\u0142\u0105czenie nast\u0119puj\u0105cej klauzuli: \u201eWyra\u017cam zgod\u0119 na przetwarzanie moich danych osobowych przez PEC Ciechan\u00f3w Spotka z o.o. dla potrzeb niezb\u0119dnych do realizacji procesu rekrutacji, zgodnie z przepisami z dn. 24.05.2018r. o ochronie danych osobowych (Dz.U. z 2018, poz. 1000 z p\u00f3\u017an. zm.)\u201d.<\/p>\n","protected":false},"excerpt":{"rendered":"<p>Elektrociep\u0142ownia Ciechan\u00f3w Sp\u00f3\u0142ka z.o.o &nbsp; poszukuje osoby na stanowiska: Operator\/Operatorka system\u00f3w komputerowych IT Opis stanowiska: Od kandydata\/kandydatki oczekujemy: &nbsp; Mile widziane: Kompetencje mi\u0119kkie: Oferuje: \u00b7&nbsp;&nbsp;&nbsp;&nbsp;&nbsp;&nbsp;&nbsp;&nbsp; wynagrodzenie brutto zale\u017cne od kwalifikacji i do\u015bwiadczenia: 6.825\u20139.500 z\u0142. \u00b7&nbsp;&nbsp;&nbsp;&nbsp;&nbsp;&nbsp;&nbsp;&nbsp; dofinansowanie do zakupu okular\u00f3w korekcyjnych do pracy przy komputerze, Zg\u0142oszenia (CV oraz list motywacyjny) prosimy przysy\u0142a\u0107 do dnia 30 kwietnia [&hellip;]<\/p>\n","protected":false},"author":7,"featured_media":0,"parent":5,"menu_order":0,"comment_status":"open","ping_status":"open","template":"","meta":{"footnotes":""},"class_list":["post-415","page","type-page","status-publish","hentry"],"_links":{"self":[{"href":"https:\/\/www.pecciechanow.pl\/bip\/wp-json\/wp\/v2\/pages\/415","targetHints":{"allow":["GET"]}}],"collection":[{"href":"https:\/\/www.pecciechanow.pl\/bip\/wp-json\/wp\/v2\/pages"}],"about":[{"href":"https:\/\/www.pecciechanow.pl\/bip\/wp-json\/wp\/v2\/types\/page"}],"author":[{"embeddable":true,"href":"https:\/\/www.pecciechanow.pl\/bip\/wp-json\/wp\/v2\/users\/7"}],"replies":[{"embeddable":true,"href":"https:\/\/www.pecciechanow.pl\/bip\/wp-json\/wp\/v2\/comments?post=415"}],"version-history":[{"count":60,"href":"https:\/\/www.pecciechanow.pl\/bip\/wp-json\/wp\/v2\/pages\/415\/revisions"}],"predecessor-version":[{"id":1486,"href":"https:\/\/www.pecciechanow.pl\/bip\/wp-json\/wp\/v2\/pages\/415\/revisions\/1486"}],"up":[{"embeddable":true,"href":"https:\/\/www.pecciechanow.pl\/bip\/wp-json\/wp\/v2\/pages\/5"}],"wp:attachment":[{"href":"https:\/\/www.pecciechanow.pl\/bip\/wp-json\/wp\/v2\/media?parent=415"}],"curies":[{"name":"wp","href":"https:\/\/api.w.org\/{rel}","templated":true}]}}