{"id":33,"date":"2014-06-03T23:37:04","date_gmt":"2014-06-03T21:37:04","guid":{"rendered":"http:\/\/www.pecciechanow.pl\/bip\/?page_id=33"},"modified":"2017-09-14T11:50:15","modified_gmt":"2017-09-14T09:50:15","slug":"zgromadzenie-wspolnikow","status":"publish","type":"page","link":"https:\/\/www.pecciechanow.pl\/bip\/wladze\/zgromadzenie-wspolnikow\/","title":{"rendered":"Zgromadzenie Wsp\u00f3lnik\u00f3w"},"content":{"rendered":"<p>Przewodnicz\u0105cy Zgromadzenia Wsp\u00f3lnik\u00f3w:<\/p>\n<p>Krzysztof Kosi\u0144ski \u00a0\u2013 Prezydent Miasta Ciechan\u00f3w<\/p>\n<p>Do wy\u0142\u0105cznej kompetencji Zgromadzenia Wsp\u00f3lnik\u00f3w nale\u017cy:<\/p>\n<p>1.\u00a0 Rozpatrzenie i zatwierdzenie sprawozdania Zarz\u0105du z dzia\u0142alno\u015bci Sp\u00f3\u0142ki oraz sprawozdania finansowego za ubieg\u0142y rok obrotowy.<\/p>\n<p>2.\u00a0 Powzi\u0119cie uchwa\u0142y o podziale zysku albo pokryciu straty.<\/p>\n<p>3.\u00a0 Udzielenie absolutorium cz\u0142onkom organ\u00f3w Sp\u00f3\u0142ki\u00a0 z wykonania przez nich obowi\u0105zk\u00f3w.<\/p>\n<p>4.\u00a0 Powo\u0142ywanie i odwo\u0142ywanie cz\u0142onk\u00f3w Rady Nadzorczej.<\/p>\n<p>5. Okre\u015blenie wymog\u00f3w jakie musi spe\u0142nia\u0107 kandydat na cz\u0142onka organu zarz\u0105dzaj\u0105cego.<\/p>\n<p>6. Okre\u015blanie zasad kszta\u0142towania wynagrodze\u0144 cz\u0142onk\u00f3w Zarz\u0105du.<\/p>\n<p>7. Kszta\u0142towanie wynagrodze\u0144 organu nadzorczego.<\/p>\n<p>8. Tworzenie funduszy celowych.<\/p>\n<p>9. Podejmowanie uchwa\u0142 o nabyciu i zbyciu nieruchomo\u015bci, u\u017cytkowania wieczystego lub udzia\u0142u w nieruchomo\u015bci.<\/p>\n<p>10. Zatwierdzanie regulaminu Zarz\u0105du i regulaminu Rady Nadzorczej.<\/p>\n<p>11. Zbycie lub wydzier\u017cawienie Sp\u00f3\u0142ki lub ustanowienie na niej prawa u\u017cytkowania.<\/p>\n<p>12. Zatwierdzanie zasad zbywania udzia\u0142\u00f3w.<\/p>\n<p>13. Podwy\u017cszenie lub obni\u017cenie kapita\u0142u zak\u0142adowego.<\/p>\n<p>14. Zmiana umowy Sp\u00f3\u0142ki.<\/p>\n<p>15. Po\u0142\u0105czenie, rozwi\u0105zanie lub likwidacja Sp\u00f3\u0142ki.<\/p>\n<p>16. Decydowanie o przyst\u0105pieniu do innej Sp\u00f3\u0142ki lub jednostki gospodarczej oraz o wyst\u0105pieniu z nich.<\/p>\n<p>17. Zatwierdzanie kierunk\u00f3w rozwoju Sp\u00f3\u0142ki.<\/p>\n<p>Zgromadzenie Wsp\u00f3lnik\u00f3w mo\u017ce tak\u017ce rozpatrywa\u0107 inne sprawy zastrze\u017cone przez ustaw\u0119, umow\u0119 Sp\u00f3\u0142ki oraz uchwa\u0142\u0119 Zgromadzenia Wsp\u00f3lnik\u00f3w, w zakresie nale\u017c\u0105cym do wy\u0142\u0105cznej kompetencji Zgromadzenia Wsp\u00f3lnik\u00f3w.<\/p>\n","protected":false},"excerpt":{"rendered":"<p>Przewodnicz\u0105cy Zgromadzenia Wsp\u00f3lnik\u00f3w: Krzysztof Kosi\u0144ski \u00a0\u2013 Prezydent Miasta Ciechan\u00f3w Do wy\u0142\u0105cznej kompetencji Zgromadzenia Wsp\u00f3lnik\u00f3w nale\u017cy: 1.\u00a0 Rozpatrzenie i zatwierdzenie sprawozdania Zarz\u0105du z dzia\u0142alno\u015bci Sp\u00f3\u0142ki oraz sprawozdania finansowego za ubieg\u0142y rok obrotowy. 2.\u00a0 Powzi\u0119cie uchwa\u0142y o podziale zysku albo pokryciu straty. 3.\u00a0 Udzielenie absolutorium cz\u0142onkom organ\u00f3w Sp\u00f3\u0142ki\u00a0 z wykonania przez nich obowi\u0105zk\u00f3w. 4.\u00a0 Powo\u0142ywanie i odwo\u0142ywanie [&hellip;]<\/p>\n","protected":false},"author":7,"featured_media":0,"parent":31,"menu_order":0,"comment_status":"open","ping_status":"open","template":"","meta":{"footnotes":""},"class_list":["post-33","page","type-page","status-publish","hentry"],"_links":{"self":[{"href":"https:\/\/www.pecciechanow.pl\/bip\/wp-json\/wp\/v2\/pages\/33","targetHints":{"allow":["GET"]}}],"collection":[{"href":"https:\/\/www.pecciechanow.pl\/bip\/wp-json\/wp\/v2\/pages"}],"about":[{"href":"https:\/\/www.pecciechanow.pl\/bip\/wp-json\/wp\/v2\/types\/page"}],"author":[{"embeddable":true,"href":"https:\/\/www.pecciechanow.pl\/bip\/wp-json\/wp\/v2\/users\/7"}],"replies":[{"embeddable":true,"href":"https:\/\/www.pecciechanow.pl\/bip\/wp-json\/wp\/v2\/comments?post=33"}],"version-history":[{"count":5,"href":"https:\/\/www.pecciechanow.pl\/bip\/wp-json\/wp\/v2\/pages\/33\/revisions"}],"predecessor-version":[{"id":439,"href":"https:\/\/www.pecciechanow.pl\/bip\/wp-json\/wp\/v2\/pages\/33\/revisions\/439"}],"up":[{"embeddable":true,"href":"https:\/\/www.pecciechanow.pl\/bip\/wp-json\/wp\/v2\/pages\/31"}],"wp:attachment":[{"href":"https:\/\/www.pecciechanow.pl\/bip\/wp-json\/wp\/v2\/media?parent=33"}],"curies":[{"name":"wp","href":"https:\/\/api.w.org\/{rel}","templated":true}]}}