{"id":22,"date":"2014-06-03T23:33:09","date_gmt":"2014-06-03T21:33:09","guid":{"rendered":"http:\/\/www.pecciechanow.pl\/bip\/?page_id=22"},"modified":"2026-05-11T11:05:27","modified_gmt":"2026-05-11T09:05:27","slug":"organizacja","status":"publish","type":"page","link":"https:\/\/www.pecciechanow.pl\/bip\/informacje-ogolne\/organizacja\/","title":{"rendered":"Organizacja"},"content":{"rendered":"<p>Struktura organizacyjna Sp\u00f3\u0142ki wynika z Regulaminu organizacyjnego Elektrociep\u0142owni Ciechan\u00f3w Sp. z o.o. Tekst jednolity regulaminu, \u00a0zatwierdzonego Uchwa\u0142\u0105 Rady Nadzorczej nr 20\/2025 z dnia 19 grudnia 2025 r. oraz wprowadzonego Zarz\u0105dzeniem Prezesa Zarz\u0105du Elektrociep\u0142owni Ciechan\u00f3w Sp. z o.o. Nr 28\/2025 z dnia 22 grudnia 2025 r. ze zm.<\/p>\n\n\n<div data-wp-interactive=\"core\/file\" class=\"wp-block-file\"><object data-wp-bind--hidden=\"!state.hasPdfPreview\" hidden class=\"wp-block-file__embed\" data=\"https:\/\/www.pecciechanow.pl\/bip\/wp-content\/uploads\/2026\/05\/Schemat-organizacyjny-2026-II_ID.pdf\" type=\"application\/pdf\" style=\"width:100%;height:600px\" aria-label=\"Osadzone z Schemat organizacyjny 2026 II_ID.\"><\/object><a id=\"wp-block-file--media-1d9059ce-b38d-4f1f-b7bb-4d1ff9cbbd55\" href=\"https:\/\/www.pecciechanow.pl\/bip\/wp-content\/uploads\/2026\/05\/Schemat-organizacyjny-2026-II_ID.pdf\">Schemat organizacyjny 2026 II_ID<\/a><a href=\"https:\/\/www.pecciechanow.pl\/bip\/wp-content\/uploads\/2026\/05\/Schemat-organizacyjny-2026-II_ID.pdf\" class=\"wp-block-file__button wp-element-button\" download aria-describedby=\"wp-block-file--media-1d9059ce-b38d-4f1f-b7bb-4d1ff9cbbd55\">Pobierz<\/a><\/div>\n","protected":false},"excerpt":{"rendered":"<p>Struktura organizacyjna Sp\u00f3\u0142ki wynika z Regulaminu organizacyjnego Elektrociep\u0142owni Ciechan\u00f3w Sp. z o.o. Tekst jednolity regulaminu, \u00a0zatwierdzonego Uchwa\u0142\u0105 Rady Nadzorczej nr 20\/2025 z dnia 19 grudnia 2025 r. oraz wprowadzonego Zarz\u0105dzeniem Prezesa Zarz\u0105du Elektrociep\u0142owni Ciechan\u00f3w Sp. z o.o. Nr 28\/2025 z dnia 22 grudnia 2025 r. ze zm.<\/p>\n","protected":false},"author":7,"featured_media":0,"parent":5,"menu_order":0,"comment_status":"open","ping_status":"open","template":"","meta":{"footnotes":""},"class_list":["post-22","page","type-page","status-publish","hentry"],"_links":{"self":[{"href":"https:\/\/www.pecciechanow.pl\/bip\/wp-json\/wp\/v2\/pages\/22","targetHints":{"allow":["GET"]}}],"collection":[{"href":"https:\/\/www.pecciechanow.pl\/bip\/wp-json\/wp\/v2\/pages"}],"about":[{"href":"https:\/\/www.pecciechanow.pl\/bip\/wp-json\/wp\/v2\/types\/page"}],"author":[{"embeddable":true,"href":"https:\/\/www.pecciechanow.pl\/bip\/wp-json\/wp\/v2\/users\/7"}],"replies":[{"embeddable":true,"href":"https:\/\/www.pecciechanow.pl\/bip\/wp-json\/wp\/v2\/comments?post=22"}],"version-history":[{"count":22,"href":"https:\/\/www.pecciechanow.pl\/bip\/wp-json\/wp\/v2\/pages\/22\/revisions"}],"predecessor-version":[{"id":1501,"href":"https:\/\/www.pecciechanow.pl\/bip\/wp-json\/wp\/v2\/pages\/22\/revisions\/1501"}],"up":[{"embeddable":true,"href":"https:\/\/www.pecciechanow.pl\/bip\/wp-json\/wp\/v2\/pages\/5"}],"wp:attachment":[{"href":"https:\/\/www.pecciechanow.pl\/bip\/wp-json\/wp\/v2\/media?parent=22"}],"curies":[{"name":"wp","href":"https:\/\/api.w.org\/{rel}","templated":true}]}}