{"id":13,"date":"2014-06-03T23:27:41","date_gmt":"2014-06-03T21:27:41","guid":{"rendered":"http:\/\/www.pecciechanow.pl\/bip\/?page_id=13"},"modified":"2024-10-29T13:19:27","modified_gmt":"2024-10-29T12:19:27","slug":"status-prawny","status":"publish","type":"page","link":"https:\/\/www.pecciechanow.pl\/bip\/informacje-ogolne\/status-prawny\/","title":{"rendered":"Status prawny"},"content":{"rendered":"<p>Elektrociep\u0142ownia Ciechan\u00f3w Sp\u00f3\u0142ka z o. o. jest sp\u00f3\u0142k\u0105 prawa handlowego posiadaj\u0105c\u0105 osobowo\u015b\u0107 prawn\u0105 i dzia\u0142a na podstawie:<\/p>\n<p>1) przepis\u00f3w Kodeksu sp\u00f3\u0142ek handlowych,<br \/>2) Ustawy o komercjalizacji i prywatyzacji,<br \/>3) Ustawy o gospodarce komunalnej,<br \/>4) Aktu przekszta\u0142cenia przedsi\u0119biorstwa w sp\u00f3\u0142k\u0119 z ograniczon\u0105 odpowiedzialno\u015bci\u0105,<br \/>5) innych obowi\u0105zuj\u0105cych przepis\u00f3w prawa.<\/p>\n<p>Elektrociep\u0142ownia Ciechan\u00f3w Sp\u00f3\u0142ka z ograniczon\u0105 odpowiedzialno\u015bci\u0105 powsta\u0142o w wyniku przekszta\u0142cenia przedsi\u0119biorstwa komunalnego pod nazw\u0105 Przedsi\u0119biorstwo Energetyki Cieplnej w Ciechanowie w jednoosobow\u0105 sp\u00f3\u0142k\u0119 z ograniczon\u0105 odpowiedzialno\u015bci\u0105 Gminy Miejskiej Ciechan\u00f3w na podstawie Uchwa\u0142y nr 3\/92 Zarz\u0105du Miasta Ciechan\u00f3w z dnia 27 listopada 1992 r. W dniu 23 grudnia 1992 r. sporz\u0105dzono akt przekszta\u0142cenia przedsi\u0119biorstwa w sp\u00f3\u0142k\u0119 z ograniczon\u0105 odpowiedzialno\u015bci\u0105, kt\u00f3r\u0105 zarejestrowano w dniu 27 stycznia 1993 r. w Rejestrze Handlowym dzia\u0142 B pod nr 439. Obecnie zarejestrowana jest w Rejestrze Przedsi\u0119biorstw prowadzonym przez S\u0105d Rejonowy dla \u0141odzi &#8211; \u015ar\u00f3dmie\u015bcie w \u0141odzi, XX Wydzia\u0142 Gospodarczy Krajowego Rejestru S\u0105dowego pod nr 0000134317.<\/p>\n\n\n<p>Akt Notarialny &#8211; Umowa Sp\u00f3\u0142ki<\/p>\n\n\n\n<div data-wp-interactive=\"core\/file\" class=\"wp-block-file\"><object data-wp-bind--hidden=\"!state.hasPdfPreview\" hidden class=\"wp-block-file__embed\" data=\"https:\/\/www.pecciechanow.pl\/bip\/wp-content\/uploads\/2024\/10\/Akt-Notarialny-Umowa-Spolki-2024.pdf\" type=\"application\/pdf\" style=\"width:100%;height:600px\" aria-label=\"Osadzone z Akt Notarialny - Umowa Sp\u00f3\u0142ki 2024.\"><\/object><a id=\"wp-block-file--media-c5f09e0d-a3f0-44cd-9f3d-6eee3366df6d\" href=\"https:\/\/www.pecciechanow.pl\/bip\/wp-content\/uploads\/2024\/10\/Akt-Notarialny-Umowa-Spolki-2024.pdf\">Akt Notarialny &#8211; Umowa Sp\u00f3\u0142ki 2024<\/a><a href=\"https:\/\/www.pecciechanow.pl\/bip\/wp-content\/uploads\/2024\/10\/Akt-Notarialny-Umowa-Spolki-2024.pdf\" class=\"wp-block-file__button wp-element-button\" download aria-describedby=\"wp-block-file--media-c5f09e0d-a3f0-44cd-9f3d-6eee3366df6d\">Pobierz<\/a><\/div>\n","protected":false},"excerpt":{"rendered":"<p>Elektrociep\u0142ownia Ciechan\u00f3w Sp\u00f3\u0142ka z o. o. jest sp\u00f3\u0142k\u0105 prawa handlowego posiadaj\u0105c\u0105 osobowo\u015b\u0107 prawn\u0105 i dzia\u0142a na podstawie: 1) przepis\u00f3w Kodeksu sp\u00f3\u0142ek handlowych,2) Ustawy o komercjalizacji i prywatyzacji,3) Ustawy o gospodarce komunalnej,4) Aktu przekszta\u0142cenia przedsi\u0119biorstwa w sp\u00f3\u0142k\u0119 z ograniczon\u0105 odpowiedzialno\u015bci\u0105,5) innych obowi\u0105zuj\u0105cych przepis\u00f3w prawa. Elektrociep\u0142ownia Ciechan\u00f3w Sp\u00f3\u0142ka z ograniczon\u0105 odpowiedzialno\u015bci\u0105 powsta\u0142o w wyniku przekszta\u0142cenia przedsi\u0119biorstwa komunalnego [&hellip;]<\/p>\n","protected":false},"author":7,"featured_media":0,"parent":5,"menu_order":0,"comment_status":"open","ping_status":"open","template":"","meta":{"footnotes":""},"class_list":["post-13","page","type-page","status-publish","hentry"],"_links":{"self":[{"href":"https:\/\/www.pecciechanow.pl\/bip\/wp-json\/wp\/v2\/pages\/13","targetHints":{"allow":["GET"]}}],"collection":[{"href":"https:\/\/www.pecciechanow.pl\/bip\/wp-json\/wp\/v2\/pages"}],"about":[{"href":"https:\/\/www.pecciechanow.pl\/bip\/wp-json\/wp\/v2\/types\/page"}],"author":[{"embeddable":true,"href":"https:\/\/www.pecciechanow.pl\/bip\/wp-json\/wp\/v2\/users\/7"}],"replies":[{"embeddable":true,"href":"https:\/\/www.pecciechanow.pl\/bip\/wp-json\/wp\/v2\/comments?post=13"}],"version-history":[{"count":22,"href":"https:\/\/www.pecciechanow.pl\/bip\/wp-json\/wp\/v2\/pages\/13\/revisions"}],"predecessor-version":[{"id":1438,"href":"https:\/\/www.pecciechanow.pl\/bip\/wp-json\/wp\/v2\/pages\/13\/revisions\/1438"}],"up":[{"embeddable":true,"href":"https:\/\/www.pecciechanow.pl\/bip\/wp-json\/wp\/v2\/pages\/5"}],"wp:attachment":[{"href":"https:\/\/www.pecciechanow.pl\/bip\/wp-json\/wp\/v2\/media?parent=13"}],"curies":[{"name":"wp","href":"https:\/\/api.w.org\/{rel}","templated":true}]}}