{"id":113,"date":"2014-07-24T10:27:24","date_gmt":"2014-07-24T08:27:24","guid":{"rendered":"http:\/\/www.pecciechanow.pl\/bip\/?page_id=113"},"modified":"2016-10-06T10:25:20","modified_gmt":"2016-10-06T08:25:20","slug":"kontrole","status":"publish","type":"page","link":"https:\/\/www.pecciechanow.pl\/bip\/informacje-ogolne\/kontrole\/","title":{"rendered":"Kontrole"},"content":{"rendered":"<p><strong>2016.06.22 &#8211; Pa\u0144stwowy Powiatowy Inspektor Sanitarny w Ciechanowie<\/strong> &#8211; <!--StartFragment-->w zakresie przestrzegania przepis\u00f3w okre\u015blaj\u0105cych wymagania higieniczne i zdrowotne warunk\u00f3w \u015brodowiska pracy, a zw\u0142aszcza zapobiegania powstawaniu chor\u00f3b zawodowych i in. chor\u00f3b zwi\u0105zanych z warunkami pracy oraz nadzoru sanitarnego nad substancjami i mieszaninami chemicznymi.<!--EndFragment--><\/p>\n<p><!--StartFragment-->Dokumentacja z kontroli dost\u0119pna w siedzibie Sp\u00f3\u0142ki.<!--EndFragment--><\/p>\n<p><strong>2015.11.06 &#8211; Wojew\u00f3dzki Inspektorat Ochrony \u015arodowiska w Warszawie delegatura w Ciechanowie<\/strong>\u00a0 &#8211; w zakresie przestrzegania przepis\u00f3w i decyzji administracyjnych w zakresie ochrony \u015brodowiska.<\/p>\n<p><!--StartFragment-->Dokumentacja z kontroli dost\u0119pna w siedzibie Sp\u00f3\u0142ki.<!--EndFragment--><\/p>\n<p><strong>2015.02.03 &#8211; 2015.02.06 &#8211; Wojew\u00f3dki Fundusz Ochrony \u015arodowiska i Gospodarki Wodnej w Warszawie<\/strong> &#8211; w zakresie zgodnym z upowa\u017cnieniem<\/p>\n<p><!--StartFragment-->Dokumentacja z kontroli dost\u0119pna w siedzibie Sp\u00f3\u0142ki.<!--EndFragment--><\/p>\n<p><strong>2014.11.06 &#8211; 2014.12.06 &#8211; Wojew\u00f3dzki Inspektorat Ochrony \u015arodowiska w Warszawie Delegatura w Ciechanowie<\/strong> &#8211;\u00a0 w zakresie przestrzegania przepis\u00f3w i decyzji administracyjnych w zakresie ochrony \u015brodowiska.<\/p>\n<p><!--StartFragment-->Dokumentacja z kontroli dost\u0119pna w siedzibie Sp\u00f3\u0142ki.<!--EndFragment--><\/p>\n<p><strong>2014.10.06 &#8211; Pa\u0144stwowy\u00a0 Powiatowy Inspektor Sanitarny w Ciechanowie<\/strong> &#8211; w zakresie przestrzegania przepis\u00f3w okre\u015blaj\u0105cych wymagania higieniczne i zdrowotne warunk\u00f3w \u015brodowiska pracy, a zw\u0142aszcza zapobiegania powstawaniu chor\u00f3b zawodowych i in. chor\u00f3b zwi\u0105zanych z warunkami pracy oraz nadzoru sanitarnego nad substancjami i mieszaninami chemicznymi.<\/p>\n<p><!--StartFragment-->Dokumentacja z kontroli dost\u0119pna w siedzibie Sp\u00f3\u0142ki.<!--EndFragment--><\/p>\n<p><strong>2014.03.11 \u2013 2014.03.14 \u2013 Pa\u0144stwowy Powiatowy Inspektor Sanitarny w Ciechanowie<\/strong> \u2013 w zakresie kontroli przestrzegania przepis\u00f3w okre\u015blaj\u0105cych wymagania higieniczne i zdrowotne warunk\u00f3w \u015brodowiska pracy, a zw\u0142aszcza zapobiegania powstawaniu chor\u00f3b zawodowych i innych chor\u00f3b zwi\u0105zanych z warunkami pracy oraz nadzoru sanitarnego nad substancjami i mieszaninami chemicznymi.<\/p>\n<p>Dokumentacja z kontroli dost\u0119pna w siedzibie Sp\u00f3\u0142ki.<\/p>\n<p><strong>2013.12.17 \u2013 Komenda Powiatowa Pa\u0144stwowej Stra\u017cy Po\u017carnej w Ciechanowie<\/strong> \u2013 w zakresie przestrzegania przepis\u00f3w przeciwpo\u017carowych, rozpoznawania mo\u017cliwo\u015bci i warunk\u00f3w prowadzenia dzia\u0142a\u0144 ratowniczych przez jednostki ochrony ppo\u017c.; rozpoznawania innych miejscowych zagro\u017ce\u0144.<\/p>\n<p>Dokumentacja z kontroli dost\u0119pna w siedzibie Sp\u00f3\u0142ki.<\/p>\n<p><strong>2013.12.09 \u2013 Wojskowa Komenda Uzupe\u0142nie\u0144 w Ciechanowie<\/strong> \u2013 w zakresie stanu utrzymania nieruchomo\u015bci lub rzeczy ruchomych.<\/p>\n<p>Dokumentacja z kontroli dost\u0119pna w siedzibie Sp\u00f3\u0142ki.<\/p>\n<p><strong>2013.10.21 \u2013 2013.10.31 \u2013 Wojew\u00f3dzki Inspektorat Ochrony \u015arodowiska w Warszawie Delegatura w Ciechanowie<\/strong> \u2013 w zakresie przestrzegania standard\u00f3w emisyjnych.<\/p>\n<p>Dokumentacja z kontroli dost\u0119pna w siedzibie Sp\u00f3\u0142ki.<\/p>\n<p><strong>2012.12.05 \u2013 2012.12.12 \u2013 Wojew\u00f3dzki Inspektorat Ochrony \u015arodowiska w Warszawie Delegatura w Ciechanowie<\/strong> \u2013 w zakresie przestrzegania pozwolenia zintegrowanego.<\/p>\n<p>Dokumentacja z kontroli dost\u0119pna w siedzibie Sp\u00f3\u0142ki.<\/p>\n<p><strong>2012.09.03 \u2013 2012.09.14 \u2013 Zak\u0142ad Ubezpiecze\u0144 Spo\u0142ecznych Oddzia\u0142 w P\u0142ocku Inspektorat w Ciechanowie Wydzia\u0142 Kontroli P\u0142atnik\u00f3w Sk\u0142adek<\/strong> \u2013 w zakresie prawid\u0142owo\u015bci i rzetelno\u015bci obliczania sk\u0142adek na ubezpieczenia spo\u0142eczne, zg\u0142aszania do ubezpieczenia spo\u0142ecznego i ubezpieczenia zdrowotnego, ustalania uprawnie\u0144 do \u015bwiadcze\u0144 z ubezpiecze\u0144 spo\u0142ecznych i wyp\u0142acania tych \u015bwiadcze\u0144 oraz dokonywania rozlicze\u0144 z tego tytu\u0142u; terminowo\u015bci i prawid\u0142owo\u015bci opracowywania wniosk\u00f3w o \u015bwiadczenia emerytalne i rentowe; wystawiania za\u015bwiadcze\u0144 dla cel\u00f3w ubezpiecze\u0144 spo\u0142ecznych.<\/p>\n<p>Dokumentacja z kontroli dost\u0119pna w siedzibie Sp\u00f3\u0142ki.<\/p>\n<p><strong>2012.02.13 \u2013 Pa\u0144stwowa Agencja Atomistyki<\/strong> \u2013 w zakresie stanu ochrony radiologicznej na terenie ciep\u0142owni.<\/p>\n<p>Dokumentacja z kontroli dost\u0119pna w siedzibie Sp\u00f3\u0142ki.<\/p>\n<p><strong>2011.11.25 \u2013 2011.11.28 \u2013 Pa\u0144stwowa Inspekcja Pracy Inspektor Pracy Okr\u0119gowego Inspektoratu Pracy w Warszawie Oddzia\u0142 w Ciechanowie<\/strong> \u2013 w zakresie przestrzegania przepis\u00f3w bhp.<\/p>\n<p>Dokumentacja z kontroli dost\u0119pna w siedzibie Sp\u00f3\u0142ki.<\/p>\n<p><strong>2011.03.07, 2011.02.22, 2011.02.21, 2011.02.17 \u2013 Powiatowy Inspektor Nadzoru Budowlanego w Ciechanowie<\/strong> \u2013 w zakresie przestrzegania przepis\u00f3w art. 62 prawa budowlanego w zakresie przeprowadzania okresowych kontroli obiekt\u00f3w.<\/p>\n<p>Dokumentacja z kontroli dost\u0119pna w siedzibie Sp\u00f3\u0142ki.<\/p>\n<p><strong>2011.01.24 \u2013 Urz\u0105d Transportu Kolejowego Oddzia\u0142 Terenowy w Warszawie<\/strong> \u2013 w zakresie spe\u0142niania przez U\u017cytkownika bocznicy kolejowej obowi\u0105zk\u00f3w w zakresie bezpiecze\u0144stwa transportu kolejowego.<\/p>\n<p>Dokumentacja z kontroli dost\u0119pna w siedzibie Sp\u00f3\u0142ki.<\/p>\n<p><strong>2010.12.15 \u2013 2010.12.30 \u2013 Wojew\u00f3dzki Inspektorat Ochrony \u015arodowiska w Warszawie Delegatura w Ciechanowie<\/strong> \u2013 w zakresie przestrzegania przepis\u00f3w dotycz\u0105cych ochrony \u015brodowiska.<\/p>\n<p>Dokumentacja z kontroli dost\u0119pna w siedzibie Sp\u00f3\u0142ki.<\/p>\n<p><strong>2010.07.08 \u2013 2010.07.09 \u2013 Pa\u0144stwowy Powiatowy Inspektor Sanitarny w Ciechanowie<\/strong> \u2013 w zakresie kontroli warunk\u00f3w pracy.<\/p>\n<p>Dokumentacja z kontroli dost\u0119pna w siedzibie Sp\u00f3\u0142ki.<\/p>\n<p><strong>2009.12.11 \u2013 Wojew\u00f3dzki Inspektorat Ochrony \u015arodowiska w Warszawie Delegatura w Ciechanowie<\/strong> \u2013 w zakresie przestrzegania przepis\u00f3w i decyzji administracyjnych z zakresu ochrony \u015brodowiska.<\/p>\n<p>Dokumentacja z kontroli dost\u0119pna w siedzibie Sp\u00f3\u0142ki.<\/p>\n<p><strong>2009.01.05 \u2013 2009.01.14 \u2013 Zak\u0142ad Ubezpiecze\u0144 Spo\u0142ecznych Oddzia\u0142 w P\u0142ocku Inspektorat w Ciechanowie Wydzia\u0142 Kontroli P\u0142atnik\u00f3w Sk\u0142adek<\/strong> \u2013 w zakresie prawid\u0142owo\u015bci obliczania sk\u0142adek na ubezpieczenia spo\u0142eczne, zg\u0142aszania do ubezpieczenia spo\u0142ecznego i ubezpieczenia zdrowotnego, ustalania uprawnie\u0144 do \u015bwiadcze\u0144 z ubezpiecze\u0144 spo\u0142ecznych i wyp\u0142acania tych \u015bwiadcze\u0144 oraz dokonywania rozlicze\u0144 z tego tytu\u0142u; terminowo\u015bci i prawid\u0142owo\u015bci opracowywania wniosk\u00f3w o \u015bwiadczenia emerytalne i rentowe; wystawiania za\u015bwiadcze\u0144 dla cel\u00f3w ubezpiecze\u0144 spo\u0142ecznych.<\/p>\n<p>Dokumentacja z kontroli dost\u0119pna w siedzibie Sp\u00f3\u0142ki.<\/p>\n","protected":false},"excerpt":{"rendered":"<p>2016.06.22 &#8211; Pa\u0144stwowy Powiatowy Inspektor Sanitarny w Ciechanowie &#8211; w zakresie przestrzegania przepis\u00f3w okre\u015blaj\u0105cych wymagania higieniczne i zdrowotne warunk\u00f3w \u015brodowiska pracy, a zw\u0142aszcza zapobiegania powstawaniu chor\u00f3b zawodowych i in. chor\u00f3b zwi\u0105zanych z warunkami pracy oraz nadzoru sanitarnego nad substancjami i mieszaninami chemicznymi. Dokumentacja z kontroli dost\u0119pna w siedzibie Sp\u00f3\u0142ki. 2015.11.06 &#8211; Wojew\u00f3dzki Inspektorat Ochrony \u015arodowiska [&hellip;]<\/p>\n","protected":false},"author":7,"featured_media":0,"parent":5,"menu_order":0,"comment_status":"closed","ping_status":"closed","template":"","meta":{"footnotes":""},"class_list":["post-113","page","type-page","status-publish","hentry"],"_links":{"self":[{"href":"https:\/\/www.pecciechanow.pl\/bip\/wp-json\/wp\/v2\/pages\/113","targetHints":{"allow":["GET"]}}],"collection":[{"href":"https:\/\/www.pecciechanow.pl\/bip\/wp-json\/wp\/v2\/pages"}],"about":[{"href":"https:\/\/www.pecciechanow.pl\/bip\/wp-json\/wp\/v2\/types\/page"}],"author":[{"embeddable":true,"href":"https:\/\/www.pecciechanow.pl\/bip\/wp-json\/wp\/v2\/users\/7"}],"replies":[{"embeddable":true,"href":"https:\/\/www.pecciechanow.pl\/bip\/wp-json\/wp\/v2\/comments?post=113"}],"version-history":[{"count":3,"href":"https:\/\/www.pecciechanow.pl\/bip\/wp-json\/wp\/v2\/pages\/113\/revisions"}],"predecessor-version":[{"id":271,"href":"https:\/\/www.pecciechanow.pl\/bip\/wp-json\/wp\/v2\/pages\/113\/revisions\/271"}],"up":[{"embeddable":true,"href":"https:\/\/www.pecciechanow.pl\/bip\/wp-json\/wp\/v2\/pages\/5"}],"wp:attachment":[{"href":"https:\/\/www.pecciechanow.pl\/bip\/wp-json\/wp\/v2\/media?parent=113"}],"curies":[{"name":"wp","href":"https:\/\/api.w.org\/{rel}","templated":true}]}}