{"id":7,"date":"2014-06-03T23:20:39","date_gmt":"2014-06-03T21:20:39","guid":{"rendered":"http:\/\/www.pecciechanow.pl\/bip\/?page_id=7"},"modified":"2023-11-21T12:29:40","modified_gmt":"2023-11-21T11:29:40","slug":"dane-spolki","status":"publish","type":"page","link":"http:\/\/www.pecciechanow.pl\/bip\/","title":{"rendered":"Dane Sp\u00f3\u0142ki"},"content":{"rendered":"<p>Elektrociep\u0142ownia Ciechan\u00f3w Sp\u00f3\u0142ka\u00a0 z ograniczon\u0105 odpowiedzialno\u015bci\u0105.\u2028dzia\u0142a na podstawie przepis\u00f3w kodeksu sp\u00f3\u0142ek handlowych i innych obowi\u0105zuj\u0105cych przepis\u00f3w prawa.<\/p>\n<p><strong>Adres:<\/strong><br \/>\nul. Tysi\u0105clecia 18<br \/>\n06-400 Ciechan\u00f3w<br \/>\nhttp:\/\/www.elektrocieplowniaciechanow.pl<br \/>\ne &#8211; mail:\u00a0 <a href=\"mailto:biuro@pecciechanow.pl\">biuro@elektrocieplowniaciechanow.pl<\/a><\/p>\n<p><strong>Sekretariat \u00a0Zarz\u0105du:<\/strong><br \/>\ntel. 23\u00a0672\u00a0 33 58, 601 462 403<br \/>\nfax:\u00a0\u00a0 23\u00a0672 21 60,<br \/>\ne-mail:\u00a0 <a href=\"mailto:biuro@pecciechanow.pl\">biuro@elektrocieplowniaciechanow.pl<\/a><\/p>\n<p><strong>Obs\u0142uga Klienta:<\/strong><br \/>\nSpecjalista ds. \u00a0rozwoju systemu ciep\u0142owniczego<br \/>\ntel. 661 461 489, 661 458 104<br \/>\ne-mail: s.swiatlowski@elektrocieplowniaciechanow.pl<\/p>\n<p>Kierownik dzia\u0142u dystrybucji ciep\u0142a<br \/>\ntel. 661 424 387; 500 208 674<br \/>\ne-mail: j.banas@elektrocieplowniaciechanow.pl<\/p>\n<p>Fakturowanie sprzeda\u017cy ciep\u0142a<br \/>\ntel. 23\u00a0672 44 00<br \/>\ne-mail:\u00a0 z.grochowski@elektrocieplowniaciechanow.pl<\/p>\n<p>Dyspozytor sieci ciep\u0142owniczych<br \/>\ntel. 661 469 334; 661 457 189<br \/>\ne-mail:\u00a0 p.drazkiewicz@elektrocieplowniaciechanow.pl<\/p>\n<p>Pogotowie Ciep\u0142ownicze: tel. 23\u00a0672 27 32<\/p>\n<p>Centralna Ciep\u0142ownia:\u00a0\u00a0\u00a0\u00a0 tel. 23\u00a0672 38 51<\/p>\n<p><strong>Regon:<\/strong> 130116147<br \/>\n<strong>NIP:<\/strong> 566 \u2013 000 \u2013 52 \u2013 65<br \/>\n<strong>KRS:<\/strong> 0000134317<\/p>\n<p>Nr konta bankowego: 70 1240 5282 1111 0000 4894 4430<br \/>\nBank Pekao S.A. w Warszawie Oddzia\u0142 w Ciechanowie<\/p>\n<p>Obs\u0142uga klienta w dni robocze,<br \/>\nw godzinach: \u20287:00 \u2013 15:00<\/p>\n","protected":false},"excerpt":{"rendered":"<p>Elektrociep\u0142ownia Ciechan\u00f3w Sp\u00f3\u0142ka\u00a0 z ograniczon\u0105 odpowiedzialno\u015bci\u0105.\u2028dzia\u0142a na podstawie przepis\u00f3w kodeksu sp\u00f3\u0142ek handlowych i innych obowi\u0105zuj\u0105cych przepis\u00f3w prawa. Adres: ul. Tysi\u0105clecia 18 06-400 Ciechan\u00f3w http:\/\/www.elektrocieplowniaciechanow.pl e &#8211; mail:\u00a0 biuro@elektrocieplowniaciechanow.pl Sekretariat \u00a0Zarz\u0105du: tel. 23\u00a0672\u00a0 33 58, 601 462 403 fax:\u00a0\u00a0 23\u00a0672 21 60, e-mail:\u00a0 biuro@elektrocieplowniaciechanow.pl Obs\u0142uga Klienta: Specjalista ds. \u00a0rozwoju systemu ciep\u0142owniczego tel. 661 461 489, 661 [&hellip;]<\/p>\n","protected":false},"author":7,"featured_media":0,"parent":5,"menu_order":0,"comment_status":"open","ping_status":"open","template":"","meta":{"footnotes":""},"class_list":["post-7","page","type-page","status-publish","hentry"],"_links":{"self":[{"href":"http:\/\/www.pecciechanow.pl\/bip\/wp-json\/wp\/v2\/pages\/7","targetHints":{"allow":["GET"]}}],"collection":[{"href":"http:\/\/www.pecciechanow.pl\/bip\/wp-json\/wp\/v2\/pages"}],"about":[{"href":"http:\/\/www.pecciechanow.pl\/bip\/wp-json\/wp\/v2\/types\/page"}],"author":[{"embeddable":true,"href":"http:\/\/www.pecciechanow.pl\/bip\/wp-json\/wp\/v2\/users\/7"}],"replies":[{"embeddable":true,"href":"http:\/\/www.pecciechanow.pl\/bip\/wp-json\/wp\/v2\/comments?post=7"}],"version-history":[{"count":9,"href":"http:\/\/www.pecciechanow.pl\/bip\/wp-json\/wp\/v2\/pages\/7\/revisions"}],"predecessor-version":[{"id":1380,"href":"http:\/\/www.pecciechanow.pl\/bip\/wp-json\/wp\/v2\/pages\/7\/revisions\/1380"}],"up":[{"embeddable":true,"href":"http:\/\/www.pecciechanow.pl\/bip\/wp-json\/wp\/v2\/pages\/5"}],"wp:attachment":[{"href":"http:\/\/www.pecciechanow.pl\/bip\/wp-json\/wp\/v2\/media?parent=7"}],"curies":[{"name":"wp","href":"https:\/\/api.w.org\/{rel}","templated":true}]}}