{"id":37,"date":"2014-06-03T23:48:45","date_gmt":"2014-06-03T21:48:45","guid":{"rendered":"http:\/\/www.pecciechanow.pl\/bip\/?page_id=37"},"modified":"2026-04-17T13:11:56","modified_gmt":"2026-04-17T11:11:56","slug":"rada-nadzorcza","status":"publish","type":"page","link":"http:\/\/www.pecciechanow.pl\/bip\/wladze\/rada-nadzorcza\/","title":{"rendered":"Rada Nadzorcza"},"content":{"rendered":"\n<p><\/p>\n\n\n\n<div class=\"wp-block-group\"><div class=\"wp-block-group__inner-container is-layout-flow wp-block-group-is-layout-flow\">\n<p><strong>Sk\u0142ad Rady Nadzorczej:<\/strong><\/p>\n<p><strong>Bart\u0142omiej Wojciech Opali\u0144ski<\/strong> &#8211; Przewodnicz\u0105cy<\/p>\n<p><strong>Iwona Kowalczuk<\/strong> &#8211; Zast\u0119pca Przewodnicz\u0105cego Rady Nadzorczej<\/p>\n<p><strong>Marian Siuta<\/strong> &#8211; Sekretarz Rady Nadzorczej<\/p>\n<p><strong>Katarzyna Zaremba-Mrowi\u0144ska\u00a0 <\/strong>&#8211; Cz\u0142onek Rady Nadzorczej,<\/p>\n<p><strong>Pawe\u0142 Dr\u0105\u017ckiewicz &#8211; <\/strong>Cz\u0142onek Rady Nadzorczej.<\/p>\n<p><strong><a href=\"http:\/\/www.pecciechanow.pl\/bip\/wp-content\/uploads\/2014\/06\/Regulamin-Rady-Nadzorczej-1.pdf\">Regulamin Rady<\/a><\/strong><a href=\"http:\/\/www.pecciechanow.pl\/bip\/wp-content\/uploads\/2014\/06\/Regulamin-Rady-Nadzorczej-1.pdf\"> Nadzorczej<\/a><\/p>\n<\/div><\/div>\n\n\n\n<div data-wp-interactive=\"core\/file\" class=\"wp-block-file\"><object data-wp-bind--hidden=\"!state.hasPdfPreview\" hidden class=\"wp-block-file__embed\" data=\"https:\/\/www.pecciechanow.pl\/bip\/wp-content\/uploads\/2026\/04\/Regulamin-RN-2026.pdf\" type=\"application\/pdf\" style=\"width:100%;height:600px\" aria-label=\"Osadzone z Regulamin RN 2026.\"><\/object><a id=\"wp-block-file--media-1e826fe9-00d5-49f3-83a3-8914663fc52d\" href=\"https:\/\/www.pecciechanow.pl\/bip\/wp-content\/uploads\/2026\/04\/Regulamin-RN-2026.pdf\">Regulamin RN 2026<\/a><a href=\"https:\/\/www.pecciechanow.pl\/bip\/wp-content\/uploads\/2026\/04\/Regulamin-RN-2026.pdf\" class=\"wp-block-file__button wp-element-button\" download aria-describedby=\"wp-block-file--media-1e826fe9-00d5-49f3-83a3-8914663fc52d\">Pobierz<\/a><\/div>\n","protected":false},"excerpt":{"rendered":"<p>Sk\u0142ad Rady Nadzorczej: Bart\u0142omiej Wojciech Opali\u0144ski &#8211; Przewodnicz\u0105cy Iwona Kowalczuk &#8211; Zast\u0119pca Przewodnicz\u0105cego Rady Nadzorczej Marian Siuta &#8211; Sekretarz Rady Nadzorczej Katarzyna Zaremba-Mrowi\u0144ska\u00a0 &#8211; Cz\u0142onek Rady Nadzorczej, Pawe\u0142 Dr\u0105\u017ckiewicz &#8211; Cz\u0142onek Rady Nadzorczej. Regulamin Rady Nadzorczej<\/p>\n","protected":false},"author":7,"featured_media":0,"parent":31,"menu_order":0,"comment_status":"open","ping_status":"open","template":"","meta":{"footnotes":""},"class_list":["post-37","page","type-page","status-publish","hentry"],"_links":{"self":[{"href":"http:\/\/www.pecciechanow.pl\/bip\/wp-json\/wp\/v2\/pages\/37","targetHints":{"allow":["GET"]}}],"collection":[{"href":"http:\/\/www.pecciechanow.pl\/bip\/wp-json\/wp\/v2\/pages"}],"about":[{"href":"http:\/\/www.pecciechanow.pl\/bip\/wp-json\/wp\/v2\/types\/page"}],"author":[{"embeddable":true,"href":"http:\/\/www.pecciechanow.pl\/bip\/wp-json\/wp\/v2\/users\/7"}],"replies":[{"embeddable":true,"href":"http:\/\/www.pecciechanow.pl\/bip\/wp-json\/wp\/v2\/comments?post=37"}],"version-history":[{"count":41,"href":"http:\/\/www.pecciechanow.pl\/bip\/wp-json\/wp\/v2\/pages\/37\/revisions"}],"predecessor-version":[{"id":1489,"href":"http:\/\/www.pecciechanow.pl\/bip\/wp-json\/wp\/v2\/pages\/37\/revisions\/1489"}],"up":[{"embeddable":true,"href":"http:\/\/www.pecciechanow.pl\/bip\/wp-json\/wp\/v2\/pages\/31"}],"wp:attachment":[{"href":"http:\/\/www.pecciechanow.pl\/bip\/wp-json\/wp\/v2\/media?parent=37"}],"curies":[{"name":"wp","href":"https:\/\/api.w.org\/{rel}","templated":true}]}}