{"id":132,"date":"2014-08-14T13:59:32","date_gmt":"2014-08-14T11:59:32","guid":{"rendered":"http:\/\/www.pecciechanow.pl\/bip\/?page_id=132"},"modified":"2024-01-16T11:34:35","modified_gmt":"2024-01-16T10:34:35","slug":"dostep-do-pozostalych-informacji-publicznych","status":"publish","type":"page","link":"http:\/\/www.pecciechanow.pl\/bip\/informacje-ogolne\/dostep-do-pozostalych-informacji-publicznych\/","title":{"rendered":"Dost\u0119p do pozosta\u0142ych informacji publicznych"},"content":{"rendered":"<p>Informacja publiczna, kt\u00f3ra nie zosta\u0142a udost\u0119pniona w Biuletynie Informacji Publicznej udost\u0119pniana jest na wniosek na zasadach okre\u015blonych w ustawie z dnia 6 wrze\u015bnia 2001 r. o dost\u0119pie do informacji publicznej (Dz. U. z 2014 r.\u00a0, poz. 782).<\/p>\n<p>Kontakt do os\u00f3b odpowiedzialnych za ochron\u0119 danych osobowych w Sp\u00f3\u0142ce : iodo@elektrocieplowniaciechanow.pl<\/p>\n<p><img loading=\"lazy\" decoding=\"async\" class=\"alignnone size-full wp-image-70\" src=\"http:\/\/www.pecciechanow.pl\/bip\/wp-content\/uploads\/2014\/06\/pdf.png\" alt=\"pdf\" width=\"50\" height=\"50\" \/><a href=\"http:\/\/www.pecciechanow.pl\/bip\/wp-content\/uploads\/2014\/08\/ustawa-o-dost\u0119pie-do-informacji-publicznejL.pdf\">ustawa o dost\u0119pie do informacji publicznej<\/a><\/p>\n<p><img loading=\"lazy\" decoding=\"async\" class=\"alignnone size-full wp-image-70\" src=\"http:\/\/www.pecciechanow.pl\/bip\/wp-content\/uploads\/2014\/06\/pdf.png\" alt=\"pdf\" width=\"50\" height=\"50\" \/><a href=\"http:\/\/www.pecciechanow.pl\/bip\/wp-content\/uploads\/2014\/08\/Wniosek-o-udost\u0119pnienie-informacji-publicznej.doc\">Wniosek o udost\u0119pnienie informacji publicznej<\/a><\/p>\n","protected":false},"excerpt":{"rendered":"<p>Informacja publiczna, kt\u00f3ra nie zosta\u0142a udost\u0119pniona w Biuletynie Informacji Publicznej udost\u0119pniana jest na wniosek na zasadach okre\u015blonych w ustawie z dnia 6 wrze\u015bnia 2001 r. o dost\u0119pie do informacji publicznej (Dz. U. z 2014 r.\u00a0, poz. 782). Kontakt do os\u00f3b odpowiedzialnych za ochron\u0119 danych osobowych w Sp\u00f3\u0142ce : iodo@elektrocieplowniaciechanow.pl ustawa o dost\u0119pie do informacji publicznej [&hellip;]<\/p>\n","protected":false},"author":7,"featured_media":0,"parent":5,"menu_order":0,"comment_status":"open","ping_status":"open","template":"","meta":{"footnotes":""},"class_list":["post-132","page","type-page","status-publish","hentry"],"_links":{"self":[{"href":"http:\/\/www.pecciechanow.pl\/bip\/wp-json\/wp\/v2\/pages\/132","targetHints":{"allow":["GET"]}}],"collection":[{"href":"http:\/\/www.pecciechanow.pl\/bip\/wp-json\/wp\/v2\/pages"}],"about":[{"href":"http:\/\/www.pecciechanow.pl\/bip\/wp-json\/wp\/v2\/types\/page"}],"author":[{"embeddable":true,"href":"http:\/\/www.pecciechanow.pl\/bip\/wp-json\/wp\/v2\/users\/7"}],"replies":[{"embeddable":true,"href":"http:\/\/www.pecciechanow.pl\/bip\/wp-json\/wp\/v2\/comments?post=132"}],"version-history":[{"count":8,"href":"http:\/\/www.pecciechanow.pl\/bip\/wp-json\/wp\/v2\/pages\/132\/revisions"}],"predecessor-version":[{"id":1398,"href":"http:\/\/www.pecciechanow.pl\/bip\/wp-json\/wp\/v2\/pages\/132\/revisions\/1398"}],"up":[{"embeddable":true,"href":"http:\/\/www.pecciechanow.pl\/bip\/wp-json\/wp\/v2\/pages\/5"}],"wp:attachment":[{"href":"http:\/\/www.pecciechanow.pl\/bip\/wp-json\/wp\/v2\/media?parent=132"}],"curies":[{"name":"wp","href":"https:\/\/api.w.org\/{rel}","templated":true}]}}