{"id":129,"date":"2014-08-14T13:57:45","date_gmt":"2014-08-14T11:57:45","guid":{"rendered":"http:\/\/www.pecciechanow.pl\/bip\/?page_id=129"},"modified":"2024-01-16T11:38:03","modified_gmt":"2024-01-16T10:38:03","slug":"rejestry-ewidencje-archiwa","status":"publish","type":"page","link":"http:\/\/www.pecciechanow.pl\/bip\/informacje-ogolne\/rejestry-ewidencje-archiwa\/","title":{"rendered":"Rejestry, ewidencje, archiwa"},"content":{"rendered":"<p>W Elektrociep\u0142owni Ciechan\u00f3w sp\u00f3\u0142ka z o.o. prowadzone s\u0105 nast\u0119puj\u0105ce rejestry i ewidencje:<\/p>\n<p>&#8211;\u00a0\u00a0\u00a0\u00a0 korespondencji przychodz\u0105cej i wychodz\u0105cej<\/p>\n<p>&#8211;\u00a0\u00a0\u00a0\u00a0 dokumentacji pracowniczej<\/p>\n<p>&#8211;\u00a0\u00a0\u00a0\u00a0 upowa\u017cnie\u0144 i pe\u0142nomocnictw<\/p>\n<p>&#8211;\u00a0\u00a0\u00a0\u00a0 kontroli<\/p>\n<p>&#8211;\u00a0\u00a0\u00a0\u00a0 zam\u00f3wie\u0144 publicznych<\/p>\n<p>&#8211;\u00a0\u00a0\u00a0\u00a0 dokumentacji powypadkowej<\/p>\n<p>&#8211;\u00a0\u00a0\u00a0\u00a0 sk\u0142adnica akt<\/p>\n","protected":false},"excerpt":{"rendered":"<p>W Elektrociep\u0142owni Ciechan\u00f3w sp\u00f3\u0142ka z o.o. prowadzone s\u0105 nast\u0119puj\u0105ce rejestry i ewidencje: &#8211;\u00a0\u00a0\u00a0\u00a0 korespondencji przychodz\u0105cej i wychodz\u0105cej &#8211;\u00a0\u00a0\u00a0\u00a0 dokumentacji pracowniczej &#8211;\u00a0\u00a0\u00a0\u00a0 upowa\u017cnie\u0144 i pe\u0142nomocnictw &#8211;\u00a0\u00a0\u00a0\u00a0 kontroli &#8211;\u00a0\u00a0\u00a0\u00a0 zam\u00f3wie\u0144 publicznych &#8211;\u00a0\u00a0\u00a0\u00a0 dokumentacji powypadkowej &#8211;\u00a0\u00a0\u00a0\u00a0 sk\u0142adnica akt<\/p>\n","protected":false},"author":7,"featured_media":0,"parent":5,"menu_order":0,"comment_status":"open","ping_status":"open","template":"","meta":{"footnotes":""},"class_list":["post-129","page","type-page","status-publish","hentry"],"_links":{"self":[{"href":"http:\/\/www.pecciechanow.pl\/bip\/wp-json\/wp\/v2\/pages\/129","targetHints":{"allow":["GET"]}}],"collection":[{"href":"http:\/\/www.pecciechanow.pl\/bip\/wp-json\/wp\/v2\/pages"}],"about":[{"href":"http:\/\/www.pecciechanow.pl\/bip\/wp-json\/wp\/v2\/types\/page"}],"author":[{"embeddable":true,"href":"http:\/\/www.pecciechanow.pl\/bip\/wp-json\/wp\/v2\/users\/7"}],"replies":[{"embeddable":true,"href":"http:\/\/www.pecciechanow.pl\/bip\/wp-json\/wp\/v2\/comments?post=129"}],"version-history":[{"count":3,"href":"http:\/\/www.pecciechanow.pl\/bip\/wp-json\/wp\/v2\/pages\/129\/revisions"}],"predecessor-version":[{"id":1401,"href":"http:\/\/www.pecciechanow.pl\/bip\/wp-json\/wp\/v2\/pages\/129\/revisions\/1401"}],"up":[{"embeddable":true,"href":"http:\/\/www.pecciechanow.pl\/bip\/wp-json\/wp\/v2\/pages\/5"}],"wp:attachment":[{"href":"http:\/\/www.pecciechanow.pl\/bip\/wp-json\/wp\/v2\/media?parent=129"}],"curies":[{"name":"wp","href":"https:\/\/api.w.org\/{rel}","templated":true}]}}